{"id":9719,"date":"2020-11-29T17:21:01","date_gmt":"2020-11-29T17:21:01","guid":{"rendered":"https:\/\/www.deutera.com\/privacy\/"},"modified":"2023-02-13T13:48:29","modified_gmt":"2023-02-13T13:48:29","slug":"privacy","status":"publish","type":"page","link":"https:\/\/www.deutera.com\/en\/privacy\/","title":{"rendered":"Privacy"},"content":{"rendered":"\n<p>Difa Cooper Spa (la \u201c<strong>Societ\u00e0<\/strong>\u201d) fornisce di seguito l\u2019informativa privacy ai sensi del Regolamento UE 2016\/679 (il \u201c<strong>Regolamento<\/strong>\u201d), in qualit\u00e0 di titolare del trattamento dei dati personali degli utenti (\u201c<strong>Utenti<\/strong>\u201d) che navigano sui siti Internet della Societ\u00e0 o si registranoai Siti per usufruire di particolari servizi o funzionalit\u00e0, accessibili ai seguenti indirizzi:<\/p>\n\n<p><a href=\"https:\/\/www.deutera.com\/en\/\">www.deutera.com<\/a><\/p>\n\n<p>(il \u201c<strong>Sito<\/strong>\u201d )<\/p>\n\n<p>Si precisa che la presente informativa si riferisce unicamente al Sito e non ad altri siti web, eventualmente raggiungibili dagli Utenti mediante link in esso presenti.<\/p>\n\n<p><strong>Titolare del Trattamento<\/strong><\/p>\n\n<p>Il titolare del trattamento \u00e8 Difa Cooper Spa, con socio unico, con sede legale in Via Milano n. 160, 21042 Caronno Pertusella (VA), capitale sociale pari ad Euro 750.000 i.v., R.E.A. (VA) 129020 \u2013 C.F. P. IVA e Reg. Impr. (VA) \u2013 IT 00334560125, Societ\u00e0 soggetta ad attivit\u00e0 di direzione e coordinamento di Industrial Farmaceutica Cantabria S.A.<\/p>\n\n<p><strong>I Dati Personali dell\u2019Utente<\/strong><\/p>\n\n<p>In qualit\u00e0 di Titolare del trattamento, proteggiamo i dati personali dell\u2019Utente. Per dati personali si intendono tutte le informazioni relative all\u2019Utente, persona fisica identificata o identificabile (l\u2019\u201dinteressato\u201d ai sensi del Regolamento), a titolo esemplificativo:dati anagrafici, dati di contatto, dati relativi ai prodotti di interessee ogni dato spontaneamente fornito dall\u2019Utente nelle interazioni con la Societ\u00e0, nonch\u00e9 informazioniacquisite automaticamente dalSito.<\/p>\n\n<p><strong>Titolare dei Dati<\/strong><\/p>\n\n<p><strong>Fonte dei Dati<\/strong><\/p>\n\n<p>Raccogliamo dati personali dell\u2019Utente del Sito per offrire un servizio di qualit\u00e0 agli Utenti e migliorare l\u2019offerta dei nostri prodotti e servizi.A parte quanto specificato per i dati di navigazione acquisiti in modo automatico<strong>, l\u2019Utente \u00e8 libero di fornire i suoi dati personali o di non fornirli<\/strong>. Il loro mancato conferimentopu\u00f2 unicamente comportare l\u2019impossibilit\u00e0 di essere ricontattati e di ottenere il servizio richiesto.<\/p>\n\n<p>In particolare, i dati trattati dal Titolare sono:<\/p>\n\n<p><strong>Dati comunicati dall\u2019Utente: <\/strong>qualsiasi dato fornito volontariamente dall\u2019Utente attraverso il Sito o agli indirizzi di contatto della Societ\u00e0, a titolo esemplificativo:<\/p>\n\n<p>(a) attraverso i messaggi inseriti nei moduli presenti sul Sito, nelle lettere\/e-mail\/fax spontaneamente inviateci agli indirizzi di posta, posta elettronica, o ai numeri di fax pubblicati sul Sito;<\/p>\n\n<p>(b) in occasione di contatto telefonico con la Societ\u00e0 e con il customer care;<\/p>\n\n<p>(c) attraverso i messaggi privati inviati ai profili\/pagine istituzionali sui social media;<\/p>\n\n<p>(d) \u00a0in occasione dell\u2019iscrizione a manifestazioni a premio e altre iniziative promozionali pubblicate o pubblicizzatetramite il Sito;<\/p>\n\n<p>(e) in occasione dell\u2019iscrizione a newsletter o altre attivit\u00e0 informative;<\/p>\n\n<p>(f) con le segnalazioni di allergie, intolleranze e\/o reazioni avverse;<\/p>\n\n<p>(g) con l\u2019invio di CV nella sezione del Sito o agli indirizzi di contattodella Societ\u00e0.<\/p>\n\n<p><strong>Dati raccolti automaticamente durante l\u2019utilizzo del Sito: dati di navigazione e cookies. <\/strong>Isistemi informatici e le procedure software preposte al funzionamento di questo Sito acquisiscono, nel corso del loro normale esercizio, alcuni dati personali la cui trasmissione \u00e8 implicita nell\u2019uso dei protocolli di comunicazione di Internet. Si tratta di informazioni che non sono raccolte per essere associate a interessati identificati, ma che per loro stessa natura potrebbero, attraverso elaborazioni ed associazioni con dati detenuti da terzi, permettere di identificare gli utenti. In questa categoria di dati rientrano gli indirizzi IP o i nomi a dominio dei computer utilizzati dagli utenti che si connettono al Sito, gli indirizzi in notazione URI (<em>Uniform Resource Identifier<\/em>) delle risorse richieste, l\u2019orario della richiesta, il metodo utilizzato nel sottoporre la richiesta al server, la dimensione del file ottenuto in risposta, il codice numerico indicante lo stato della risposta data dal server (buon fine, errore, ecc.) ed altri parametri relativi al tuo sistema operativo ed al tuo ambiente informatico.<\/p>\n\n<p><em>Cookie e altri sistemi di tracciamento<\/em><\/p>\n\n<p>Visita la <strong>sezione Cookie<\/strong> sul Sito.<\/p>\n\n<p><strong>Finalit\u00e0 del trattamento<\/strong><\/p>\n\n<p>I dati personali dell\u2019Utente indicati in questa informativasono trattatidal Titolare per le seguenti finalit\u00e0:<\/p>\n\n<ul class=\"wp-block-list\">\n<li>I dati di contatto e tutti i dati inclusi nellecomunicazioni dell\u2019Utente e\/o interazioni con i distinti canali della Societ\u00e0 per usufruire di servizi o funzionalit\u00e0, sono acquisiti e trattati dal Titolare per rispondere alle richieste inviate dall\u2019Utente o fornire il servizio selezionato.<\/li>\r\n<\/ul>\n\n<p><strong>Il trattamento di questi dati \u00e8 effettuato per fornire il servizio richiesto dall\u2019Utente<\/strong> (art. 6, co. 1, let. b) del Regolamento).<\/p>\n\n<ul class=\"wp-block-list\">\n<li>I dati forniti dall\u2019Utente in sede di registrazione al servizio di newsletter e\/o consulenza offerto sul Sito, sono trattati dl Titolare per finalit\u00e0 di marketingesclusivamentesulla base del consenso espresso dell\u2019Utente all\u2019invio di comunicazioni promozionali e commerciali relativi a prodotti e\/o eventi e\/o corsi di formazione della Societ\u00e0, nonch\u00e9 realizzazione di studi di mercato e analisi statistiche.<\/li>\r\n<\/ul>\n\n<p><strong>Il trattamento di questi dati \u00e8 effettuato con il consenso espresso, libero e facoltativo dell\u2019Utente<\/strong> (art. 6, co. 1, let. a) del Regolamento).<strong>Tale consenso \u00e8 liberamente e gratuitamente revocabile dall\u2019Utente in qualsiasi momento. <\/strong>In relazione alle comunicazioni promozionali inviate via e-mail, l\u2019Utente potr\u00e0 revocare il consenso al trattamento dell\u2019indirizzo e-mail per finalit\u00e0 di marketing anche cliccando sul link di cancellazione presente in ciascuna e-mail promozionale.<\/p>\n\n<ul class=\"wp-block-list\">\n<li>I dati di navigazione sono trattati al solo fine di ricavare informazioni statistiche anonime sull\u2019uso del Sito e per controllarne il corretto funzionamento. I dati potrebbero essere utilizzati per l\u2019accertamento di responsabilit\u00e0 in caso di ipotetici reati informatici ai danni del Sito.<\/li>\r\n<\/ul>\n\n<p>I dati di navigazione sono trattati <strong>per il legittimo interesse del Titolare a garantire la sicurezza del Sito<\/strong>, <strong>controllarne il corretto funzionamento ed ottenere statistiche in relazione al suo utilizzo<\/strong> (art. 6, co. 1, let. f) del Regolamento).<\/p>\n\n<ul class=\"wp-block-list\">\n<li>Il trattamento di alcuni dati personali dell\u2019Utente \u00e8 necessario per <strong>adempiere ad obblighi di legge<\/strong>. Ad esempio, per dar corso alle segnalazioni nell\u2019ambito della farmacovigilanza (art. 6, co. 1, let. e) del Regolamento).<\/li>\r\n\n\n\n<li>Il trattamento di alcuni dati personali dell\u2019Utente \u00e8 necessario per il perseguimento dellegittimo interesse del Titolare, ivi incluso:<strong>accertare,esercitare o difendere i propri diritti in sede giudiziaria o prevenire frodi, ulteriore sviluppo di prodotti, servizi e offerte di assistenza, gestione dei rischi <\/strong>(art. 6, co. 1, let. f) del Regolamento).<\/li>\r\n<\/ul>\n\n<p>Specifiche informative sono pubblicate nelle pagine del Sito predisposte per l\u2019erogazione di determinati servizi o funzionalit\u00e0.<\/p>\n\n<p><strong>Profilazione<\/strong><\/p>\n\n<p><strong>Laddove espressamente indicato e solo con il consenso libero e facoltativo dell\u2019Utente<\/strong>(articolo 6, paragrafo 1, lettera a) del Regolamento) potremmotrattare i dati personali dell\u2019Utente per finalit\u00e0 di profilazione al fine di inviare comunicazioni personalizzate,per effettuare analisi ed elaborazioni statistiche, per attivit\u00e0 di c.d. \u201cclusterizzazione\u201d e analisi interne e di monitoraggio sull\u2019andamento del mercato e dei consumi.In caso di mancato consenso al trattamento deidati personali per finalit\u00e0 di profilazione, la possibilit\u00e0 di navigare sul Sito non sar\u00e0 in alcun modo compromessa n\u00e9 l\u2019Utente subir\u00e0 alcun\u2019altra conseguenza pregiudizievole. Il consenso alla profilazione \u00e8 in ogni caso revocabile liberamente e gratuitamente in qualsiasi momento.<\/p>\n\n<p><strong>Dati Particolari<\/strong><\/p>\n\n<p>Categorie particolari di dati (ad esempio, dati sensibili) ai sensi dell\u2019art. 9 del Regolamento, potrebbero essere forniti spontaneamente dagli Utenti. In questo caso, il trattamento viene effettuato sulla base del consenso dell\u2019Utente, nonch\u00e9 per gli adempimenti connessi alle segnalazioni di eventi avversi, per adempiere agli obblighi derivanti da leggi o da regolamenti, o per adempiere ad obblighi contrattuali o precontrattuali inerenti la fornitura di beni o servizi (inclusa la richiesta di informazioni sui prodotti).<\/p>\n\n<p><strong>Periodo di conservazione dei dati<\/strong><\/p>\n\n<p>Il trattamento dei tuoi dati personali sar\u00e0 effettuato mediante strumenti automatizzati e non automatizzati, con logiche strettamente correlate alla finalit\u00e0 stesse e, comunque, in modo da garantire la sicurezza e la riservatezza dei dati stessi.<\/p>\n\n<p>Salvo informazioni specifiche per i singoli servizi nella presente Informativa, alla conservazione dei dati si applicano in linea generale i principi di seguito indicati:<\/p>\n\n<ul class=\"wp-block-list\">\n<li>Conserviamo i dati personali dell\u2019Utente solo per il tempo necessario per il perseguimento delle finalit\u00e0 previste o, in caso di consenso, fino a quando non sia stato revocato il consenso.<\/li>\r\n\n\n\n<li>Per adempimenti di legge e per finalit\u00e0 fiscali-amministrative inerenti all\u2019attivit\u00e0 della Societ\u00e0 (es. in caso di erogazione di un servizio o risoluzione di un reclamo), conserveremo i dati per il periodo previsto dalla normativa fiscale e dalla normativa applicabile in materia di conservazione degli atti e della corrispondenza aziendale (10 anni).<\/li>\r\n\n\n\n<li>In caso di opposizione al trattamento, cancelleremo i dati personali dell\u2019Utente, a meno che il loro ulteriore trattamento sia necessario per perseguire altre legittime finalit\u00e0 del trattamento.<\/li>\r\n\n\n\n<li>Cancelleremo i dati personali dell\u2019Utente anche quando saremo obbligati a farlo per eventuali obblighi di legge.<\/li>\r\n<\/ul>\n\n<p>I dati dei candidati vengono conservati per un periodo massimo di 24 mesi dalla ricezione della candidatura.<\/p>\n\n<p>Informazioni sulla durata di memorizzazione dei cookie sono disponibili nella nostra cookie policy.<\/p>\n\n<p><strong>Persone che possono accedere ai dati<\/strong><\/p>\n\n<p>Possono accedere ai dati raccolti a seguito della consultazione del Sito i seguenti soggetti designati dall\u2019ente, ai sensi dell\u2019art. 28 del Regolamento quali responsabili del trattamento:<\/p>\n\n<ul class=\"wp-block-list\">\n<li>AllysSrl quale fornitore dei servizi di sviluppo e manutenzione della piattaforma web<\/li>\r\n\n\n\n<li>Alliance Software Srl per la gestione del processo di&nbsp;<em>recruitment<\/em> con riferimento alle candidature che transitano sul Sito.<\/li>\r\n<\/ul>\n\n<p>I dati personali raccolti sono altres\u00ec trattati dal personale della Societ\u00e0 che \u00e8 stato autorizzato e che agisce sulla base di specifiche istruzioni fornite in ordine a finalit\u00e0 e modalit\u00e0 del trattamento medesimo.<\/p>\n\n<p>Inoltre, i dati possono essere comunicati a:<\/p>\n\n<h4 class=\"wp-block-heading\"><strong>Diritti degli interessati<\/strong><\/h4>\n\n<p>Gli interessati, nei casi e alle condizioni previsti (art. 15 e ss. del Regolamento), hanno il diritto di ottenere alla Societ\u00e0:<br\/>l\u2019accesso a propri dati personali<br\/>la rettifica dei dati personali inesatti e l\u2019integrazione dei dati personali incompleti<br\/>la cancellazione dei dati personaliper i quali manchi il presupposto giuridico al trattamento<br\/>la limitazione dell\u2019utilizzo dei dati personali<br\/>la cessazione del trattamento dei dati personali esercitando l\u2019opposizione al trattamento per motivi connessi alla situazione particolare dell\u2019interessato,o al trattamento per finalit\u00e0 di marketing e di marketing profilato.<br\/>la cessazione del trattamento dei dati personali attraverso la revoca del consensonel caso in cui il trattamento sia fondato sul consenso<br\/>la copia dei propri dati (c.d. portabilit\u00e0)<br\/>mediante richiesta scritta al Titolare del Trattamento da inviare ai seguenti dati di contatto:<\/p>\n\n<p>Difa Cooper SpA, sede legale Via Milano 160, Caronno Pertusella 21042 (VA), mail: privacy@difacooper.com.<\/p>\n\n<p>Diritto di Reclamo<br\/>Gli interessati che ritengono che il trattamento dei dati personali a loro riferiti effettuato attraverso i Siti avvenga in violazione di quanto previsto dal Regolamento hanno diritto di proporre reclamo al Garante, come previsto dall\u2019art. 77 del Regolamento stesso, o di adire le opportune sedi giudiziarie (art. 79 del Regolamento).<\/p>\n\n<p>La Societ\u00e0 si riserva il diritto di aggiornare e\/o modificare la presente informativa in qualsiasi momento.<br\/>Data ultimo aggiornamento: 13\/09\/2022<\/p>\n","protected":false},"excerpt":{"rendered":"<p>Difa Cooper Spa (la \u201cSociet\u00e0\u201d) fornisce di seguito l\u2019informativa privacy ai sensi del Regolamento UE 2016\/679 (il \u201cRegolamento\u201d),&#8230;<\/p>\n","protected":false},"author":3,"featured_media":0,"parent":0,"menu_order":0,"comment_status":"open","ping_status":"open","template":"","meta":{"_acf_changed":false,"footnotes":""},"class_list":["post-9719","page","type-page","status-publish","hentry"],"acf":[],"_links":{"self":[{"href":"https:\/\/www.deutera.com\/en\/wp-json\/wp\/v2\/pages\/9719","targetHints":{"allow":["GET"]}}],"collection":[{"href":"https:\/\/www.deutera.com\/en\/wp-json\/wp\/v2\/pages"}],"about":[{"href":"https:\/\/www.deutera.com\/en\/wp-json\/wp\/v2\/types\/page"}],"author":[{"embeddable":true,"href":"https:\/\/www.deutera.com\/en\/wp-json\/wp\/v2\/users\/3"}],"replies":[{"embeddable":true,"href":"https:\/\/www.deutera.com\/en\/wp-json\/wp\/v2\/comments?post=9719"}],"version-history":[{"count":2,"href":"https:\/\/www.deutera.com\/en\/wp-json\/wp\/v2\/pages\/9719\/revisions"}],"predecessor-version":[{"id":12221,"href":"https:\/\/www.deutera.com\/en\/wp-json\/wp\/v2\/pages\/9719\/revisions\/12221"}],"wp:attachment":[{"href":"https:\/\/www.deutera.com\/en\/wp-json\/wp\/v2\/media?parent=9719"}],"curies":[{"name":"wp","href":"https:\/\/api.w.org\/{rel}","templated":true}]}}