{"id":9879,"date":"2015-03-11T18:11:37","date_gmt":"2015-03-11T18:11:37","guid":{"rendered":"https:\/\/www.deutera.com\/prodotti\/gel-up-aqua\/"},"modified":"2020-11-30T16:06:47","modified_gmt":"2020-11-30T16:06:47","slug":"gel-up-aqua","status":"publish","type":"product","link":"https:\/\/www.deutera.com\/en\/prodotto\/gel-up-aqua\/","title":{"rendered":"GEL_UP AQUA"},"content":{"rendered":"<p>Polvere gelificante addensante per liquidi e bevande a base di gomma di xanthan, indicato per la gestione dietetica di pazienti con difficolt\u00e0 nella deglutizione dei liquidi. Astuccio 70 g (20 bustine da 3,5 g) Polvere gelificante amilasi resistente, di gusto neutro, per preparazioni istantanee di bevande gelificate. Maltodestrina, gelificante: gomma di xanthan; edulcorante: eritritolo.GEL_UP AQUA \u00e8 un alimento a fini medici speciali in polvere indicato per la gestione dietetica di pazienti con problemi di deglutizione (disfagia) o difficolt\u00e0 nella deglutizione dei liquidi, per aiutare l\u2019idratazione e rieducare alla funzione deglutitoria. Versare il contenuto di una bustina (3,5 g) in un bicchiere asciutto e aggiungere 100 ml di acqua o altra bevanda; mescolare bene per pochi secondi fino a completa soluzione. Lasciare riposare un paio di minuti fino a gelificazione. GEL_UP AQUA consente di adattare alle proprie necessit\u00e0 la consistenza della bevanda che si vuole gelificare: pi\u00f9 fluida con pi\u00f9 liquido e pi\u00f9 densa con meno liquido.<br \/>\nL\u2019acqua gelificata cos\u00ec ottenuta si presenta in forma chiara e trasparente e conserva tutto il suo gusto originale. Il prodotto deve essere utilizzato dietro indicazione e sotto controllo medico. Il prodotto non \u00e8 adatto a essere utilizzato come unica fonte di nutrimento e non deve essere somministrato per via parenterale. Non usare nei bambini di et\u00e0 inferiore ai 3 anni.Conservare in luogo fresco, asciutto e al riparo dalla luce e da fonti dirette di calore. Il termine minimo di conservazione si riferisce al prodotto correttamente conservato in confezione integra.<\/p>\n","protected":false},"excerpt":{"rendered":"<p>70 g box (20 sachets of 3,5 g each)<\/p>\n","protected":false},"featured_media":13065,"template":"","meta":{"_acf_changed":false},"product_brand":[],"product_cat":[86],"product_tag":[],"product_features":[111,107,113],"class_list":{"0":"post-9879","1":"product","2":"type-product","3":"status-publish","4":"has-post-thumbnail","6":"product_cat-dysphagia","7":"product_features-non-altera-i-sapori-en","8":"product_features-facilita-duso-en","9":"product_features-bustina-monodose-en","11":"first","12":"instock","13":"shipping-taxable","14":"purchasable","15":"product-type-simple"},"acf":[],"_links":{"self":[{"href":"https:\/\/www.deutera.com\/en\/wp-json\/wp\/v2\/product\/9879","targetHints":{"allow":["GET"]}}],"collection":[{"href":"https:\/\/www.deutera.com\/en\/wp-json\/wp\/v2\/product"}],"about":[{"href":"https:\/\/www.deutera.com\/en\/wp-json\/wp\/v2\/types\/product"}],"wp:featuredmedia":[{"embeddable":true,"href":"https:\/\/www.deutera.com\/en\/wp-json\/wp\/v2\/media\/13065"}],"wp:attachment":[{"href":"https:\/\/www.deutera.com\/en\/wp-json\/wp\/v2\/media?parent=9879"}],"wp:term":[{"taxonomy":"product_brand","embeddable":true,"href":"https:\/\/www.deutera.com\/en\/wp-json\/wp\/v2\/product_brand?post=9879"},{"taxonomy":"product_cat","embeddable":true,"href":"https:\/\/www.deutera.com\/en\/wp-json\/wp\/v2\/product_cat?post=9879"},{"taxonomy":"product_tag","embeddable":true,"href":"https:\/\/www.deutera.com\/en\/wp-json\/wp\/v2\/product_tag?post=9879"},{"taxonomy":"product_features","embeddable":true,"href":"https:\/\/www.deutera.com\/en\/wp-json\/wp\/v2\/product_features?post=9879"}],"curies":[{"name":"wp","href":"https:\/\/api.w.org\/{rel}","templated":true}]}}