{"id":9884,"date":"2015-03-11T20:55:13","date_gmt":"2015-03-11T20:55:13","guid":{"rendered":"https:\/\/www.deutera.com\/prodotti\/valblan\/"},"modified":"2020-11-30T16:20:36","modified_gmt":"2020-11-30T16:20:36","slug":"valblan","status":"publish","type":"product","link":"https:\/\/www.deutera.com\/en\/prodotto\/valblan\/","title":{"rendered":"VALBLAN"},"content":{"rendered":"<p>Valblan \u00e8 una bevanda di consistenza gelatinosa pronta all\u2019uso, disponibile in diversi gusti, con edulcorante e con zucchero. Indicata per la gestione dietetica di pazienti che presentano difficolt\u00e0 nella deglutizione dei liquidi.  Confezione 24 vasetti da 125g ciascuno.VALBLAN \u00e8 a base di ingredienti di origine naturale, senza glutine, lattosio, principali allergeni e conservanti. Il prodotto \u00e8 naturalmente amilasi resistente e disponibile nelle formulazioni con e senza zucchero.<strong>Ingredienti gusto arancia edulcorato<\/strong><br \/>\nAcqua, gelificanti: gomma di tara, pectina e gomma di xanthano, correttore di acidit\u00e0: acido citrico e lattato di calcio, aroma naturale arancia con altri aromi naturali, sostanza alimentare colorante (concentrato di rafano e cartamo), edulcorante: sucralosio, agente antischiumogeno mono- e digliceridi degli acidi grassi<\/p>\n<p><strong>Ingredienti gusto ananas zuccherato<\/strong><br \/>\nAcqua, zucchero, gelificanti: gomma di tara, pectina e gomma di xanthano, correttore di acidit\u00e0: acido citrico e lattato di calcio, aroma naturale, sostanza alimentare colorante (concentrato di mela, cartamo e limone), agente antischiumogeno mono- e digliceridi degli acidi grassi. <br \/>\nVALBLAN \u00e8 un alimento a fini medici speciali specificamente studiato per i soggetti affetti da disfagia che non sono in grado di deglutire i liquidi; aiuta a mantenere l\u2019idratazione ed evita le complicanze conseguenti all&#8217;aspirazione di liquidi nelle vie respiratorie.Il prodotto \u00e8 pronto all\u2019uso e non richiede alcuna preparazione.Usare sotto controllo medico.<br \/>\nNon adatto ad essere utilizzato come unica fonte di nutrimento.<br \/>\nPu\u00f2 essere utilizzato dopo i tre anni di et\u00e0.Conservare in luogo fresco e asciutto. Non esporre a fonti di calore.<\/p>\n","protected":false},"excerpt":{"rendered":"<p>Pack of 24 jars of 125 g each.<\/p>\n","protected":false},"featured_media":9099,"template":"","meta":{"_acf_changed":false},"product_brand":[],"product_cat":[86],"product_tag":[],"product_features":[109,119],"class_list":{"0":"post-9884","1":"product","2":"type-product","3":"status-publish","4":"has-post-thumbnail","6":"product_cat-dysphagia","7":"pa_gusto-ananas-zuccherato-en","8":"pa_gusto-granatina-edulcorata-en","9":"pa_gusto-lampone-edulcorato-en","10":"pa_gusto-menta-edulcorata-en","11":"pa_gusto-ribes-nero-edulcorato-en","12":"product_features-privo-di-glutine-e-lattosio-en","13":"product_features-aromi-naturali-en","15":"first","16":"instock","17":"shipping-taxable","18":"purchasable","19":"product-type-variable"},"acf":[],"_links":{"self":[{"href":"https:\/\/www.deutera.com\/en\/wp-json\/wp\/v2\/product\/9884","targetHints":{"allow":["GET"]}}],"collection":[{"href":"https:\/\/www.deutera.com\/en\/wp-json\/wp\/v2\/product"}],"about":[{"href":"https:\/\/www.deutera.com\/en\/wp-json\/wp\/v2\/types\/product"}],"wp:featuredmedia":[{"embeddable":true,"href":"https:\/\/www.deutera.com\/en\/wp-json\/wp\/v2\/media\/9099"}],"wp:attachment":[{"href":"https:\/\/www.deutera.com\/en\/wp-json\/wp\/v2\/media?parent=9884"}],"wp:term":[{"taxonomy":"product_brand","embeddable":true,"href":"https:\/\/www.deutera.com\/en\/wp-json\/wp\/v2\/product_brand?post=9884"},{"taxonomy":"product_cat","embeddable":true,"href":"https:\/\/www.deutera.com\/en\/wp-json\/wp\/v2\/product_cat?post=9884"},{"taxonomy":"product_tag","embeddable":true,"href":"https:\/\/www.deutera.com\/en\/wp-json\/wp\/v2\/product_tag?post=9884"},{"taxonomy":"product_features","embeddable":true,"href":"https:\/\/www.deutera.com\/en\/wp-json\/wp\/v2\/product_features?post=9884"}],"curies":[{"name":"wp","href":"https:\/\/api.w.org\/{rel}","templated":true}]}}