{"id":9895,"date":"2016-06-24T18:11:45","date_gmt":"2016-06-24T18:11:45","guid":{"rendered":"https:\/\/www.deutera.com\/prodotti\/dens-up-velute-430-grammi\/"},"modified":"2020-11-30T16:55:41","modified_gmt":"2020-11-30T16:55:41","slug":"dens-up-velute-430-grammi","status":"publish","type":"product","link":"https:\/\/www.deutera.com\/en\/prodotto\/dens-up-velute-430-grammi\/","title":{"rendered":"DENS_UP Velut\u00e8"},"content":{"rendered":"<p>Polvere addensante per alimenti e bevande a base di amido modificato di patata, indicato per la gestione dietetica di pazienti con problemi di deglutizione (disfagia). Barattolo da 430 gr con misurino dosatore da 10 ml pari a 2,5 gr di prodotto Polvere addensante a base di amido modificato di patata, dal gusto neutro, specificatamente studiato per addensare alimenti liquidi e semiliquidi sia a caldo che a freddo. Amido modificato di patata. DENS_UP VELUT\u00c9 \u00e8 un alimento a fini medici speciali in polvere indicato per la gestione dietetica di pazienti con problemi di deglutizione (disfagia) o difficolt\u00e0 di masticazione che necessitano di una dieta a consistenza opportunamente modificata. DENS_UP VELUT\u00c9 \u00e8 indicato per addensare bevande e alimenti semiliquidi o in forma di pur\u00e8, favorendone l\u2019accettazione e l\u2019utilizzo da parte dei pazienti. A solubilit\u00e0 istantanea. Per ottenere una preparazione omogenea e vellutata, versare un poco di polvere, a pioggia, sul liquido da addensare mescolando con una forchetta o un cucchiaio fino a completa dissoluzione. Verificare la consistenza ottenuta dopo 1 o 2 minuti e, se necessario, aggiungere altra polvere mescolando di nuovo. Continuare cos\u00ec fino ad ottenere la consistenza desiderata.Il prodotto deve essere utilizzato dietro indicazione e sotto controllo medico. Il prodotto non \u00e8 adatto a essere utilizzato come unica fonte di nutrimento e non deve essere somministrato per via parenterale. Non usare nei bambini di et\u00e0 inferiore ai 3 anni.Conservare in luogo fresco e asciutto. Evitare l&#8217;esposizione a fonti di calore localizzato e ai raggi solari. Il termine minimo di conservazione si riferisce al prodotto correttamente conservato in confezione integra. Richiudere bene il barattolo dopo l\u2019uso. Consumare entro 8 settimane dalla data di apertura. Non disperdere nell\u2019ambiente dopo l\u2019uso.<\/p>\n","protected":false},"excerpt":{"rendered":"<p>430 g jar with 10 ml measuring scoop, equivalent to approximately 2.5 g of product<\/p>\n","protected":false},"featured_media":13043,"template":"","meta":{"_acf_changed":false},"product_brand":[],"product_cat":[86],"product_tag":[],"product_features":[111,107,110],"class_list":{"0":"post-9895","1":"product","2":"type-product","3":"status-publish","4":"has-post-thumbnail","6":"product_cat-dysphagia","7":"product_features-non-altera-i-sapori-en","8":"product_features-facilita-duso-en","9":"product_features-no-ogm-en","11":"first","12":"instock","13":"shipping-taxable","14":"purchasable","15":"product-type-simple"},"acf":[],"_links":{"self":[{"href":"https:\/\/www.deutera.com\/en\/wp-json\/wp\/v2\/product\/9895","targetHints":{"allow":["GET"]}}],"collection":[{"href":"https:\/\/www.deutera.com\/en\/wp-json\/wp\/v2\/product"}],"about":[{"href":"https:\/\/www.deutera.com\/en\/wp-json\/wp\/v2\/types\/product"}],"wp:featuredmedia":[{"embeddable":true,"href":"https:\/\/www.deutera.com\/en\/wp-json\/wp\/v2\/media\/13043"}],"wp:attachment":[{"href":"https:\/\/www.deutera.com\/en\/wp-json\/wp\/v2\/media?parent=9895"}],"wp:term":[{"taxonomy":"product_brand","embeddable":true,"href":"https:\/\/www.deutera.com\/en\/wp-json\/wp\/v2\/product_brand?post=9895"},{"taxonomy":"product_cat","embeddable":true,"href":"https:\/\/www.deutera.com\/en\/wp-json\/wp\/v2\/product_cat?post=9895"},{"taxonomy":"product_tag","embeddable":true,"href":"https:\/\/www.deutera.com\/en\/wp-json\/wp\/v2\/product_tag?post=9895"},{"taxonomy":"product_features","embeddable":true,"href":"https:\/\/www.deutera.com\/en\/wp-json\/wp\/v2\/product_features?post=9895"}],"curies":[{"name":"wp","href":"https:\/\/api.w.org\/{rel}","templated":true}]}}