{"id":9903,"date":"2015-03-11T21:20:36","date_gmt":"2015-03-11T21:20:36","guid":{"rendered":"https:\/\/www.deutera.com\/prodotti\/maltodex-up\/"},"modified":"2020-11-30T17:30:15","modified_gmt":"2020-11-30T17:30:15","slug":"maltodex-up","status":"publish","type":"product","link":"https:\/\/www.deutera.com\/en\/prodotto\/maltodex-up\/","title":{"rendered":"MALTODEX_UP"},"content":{"rendered":"<p>MALTODEX_UP \u00e8 un alimento a fini medici speciali in polvere a base di maltodestrina e vitamine idrosolubili del gruppo B, indicato per la gestione dietetica di pazienti con malnutrizione energetica. Barattolo da 500g con misurino dosatore da 30 ml pari a circa 15g di polvere MALTODEX_UP contiene maltodestrina ottenuta dall\u2019amido di mais e vitamine idrosolubili del gruppo B (tiamina, riboflavina e vitamina B6). In polvere ad elevata solubilit\u00e0.Maltodestrina, cloridrato di piridossina (vitamina B6), cloridrato di tiamina (vitamina B1), riboflavina (vitamina B2).MALTODEX_UP \u00e8 un alimento a fini medici speciali in polvere indicato per la gestione dietetica di pazienti con malnutrizione energetica e condizioni che richiedono un elevato apporto di energia. Il prodotto \u00e8 indicato per incrementare la quota glucidica di alimenti, bevande e miscele per nutrizione enterale.MALTODEX_UP \u00e8 altamente solubile e pu\u00f2 essere aggiunto a bevande e alimenti caldi o freddi, dolci o salati. Impiego con i liquidi: versare la polvere nel liquido e mescolare bene fino a completa dissoluzione.<br \/>\nImpiego con gli alimenti: prima di aggiungere la polvere a un alimento, specie se denso, pu\u00f2 risultare pi\u00f9 pratico sciogliere la polvere in poca acqua e aggiungerla all\u2019alimento mescolando bene.Il prodotto deve essere utilizzato dietro indicazione e sotto controllo medico. Il prodotto non \u00e8 adatto a essere utilizzato come unica fonte di nutrimento e non deve essere somministrato per via parenterale.Conservare in luogo fresco e asciutto. Evitare l&#8217;esposizione a fonti di calore localizzato e ai raggi solari. Il termine minimo di conservazione si riferisce al prodotto correttamente conservato in confezione integra. Richiudere bene il barattolo dopo l\u2019uso. Consumare entro 8 settimane dalla data di apertura. Non disperdere nell\u2019ambiente dopo l\u2019uso.<\/p>\n","protected":false},"excerpt":{"rendered":"<p>500 g jar with 30 ml measuring scoop, equivalent to approximately 15 g of powder<\/p>\n","protected":false},"featured_media":12547,"template":"","meta":{"_acf_changed":false},"product_brand":[],"product_cat":[87],"product_tag":[],"product_features":[111,109,110,108],"class_list":{"0":"post-9903","1":"product","2":"type-product","3":"status-publish","4":"has-post-thumbnail","6":"product_cat-nutritional-supplements","7":"product_features-non-altera-i-sapori-en","8":"product_features-privo-di-glutine-e-lattosio-en","9":"product_features-no-ogm-en","10":"product_features-misurino-dedicato-en-2","12":"first","13":"instock","14":"shipping-taxable","15":"purchasable","16":"product-type-simple"},"acf":[],"_links":{"self":[{"href":"https:\/\/www.deutera.com\/en\/wp-json\/wp\/v2\/product\/9903","targetHints":{"allow":["GET"]}}],"collection":[{"href":"https:\/\/www.deutera.com\/en\/wp-json\/wp\/v2\/product"}],"about":[{"href":"https:\/\/www.deutera.com\/en\/wp-json\/wp\/v2\/types\/product"}],"wp:featuredmedia":[{"embeddable":true,"href":"https:\/\/www.deutera.com\/en\/wp-json\/wp\/v2\/media\/12547"}],"wp:attachment":[{"href":"https:\/\/www.deutera.com\/en\/wp-json\/wp\/v2\/media?parent=9903"}],"wp:term":[{"taxonomy":"product_brand","embeddable":true,"href":"https:\/\/www.deutera.com\/en\/wp-json\/wp\/v2\/product_brand?post=9903"},{"taxonomy":"product_cat","embeddable":true,"href":"https:\/\/www.deutera.com\/en\/wp-json\/wp\/v2\/product_cat?post=9903"},{"taxonomy":"product_tag","embeddable":true,"href":"https:\/\/www.deutera.com\/en\/wp-json\/wp\/v2\/product_tag?post=9903"},{"taxonomy":"product_features","embeddable":true,"href":"https:\/\/www.deutera.com\/en\/wp-json\/wp\/v2\/product_features?post=9903"}],"curies":[{"name":"wp","href":"https:\/\/api.w.org\/{rel}","templated":true}]}}